{"id":2012,"date":"2013-09-16T17:54:47","date_gmt":"2013-09-16T17:54:47","guid":{"rendered":"http:\/\/tamarapinco.com\/es\/wedings\/"},"modified":"2016-06-29T17:40:37","modified_gmt":"2016-06-29T17:40:37","slug":"wedings","status":"publish","type":"page","link":"https:\/\/tamarapinco.com\/es\/wedings\/","title":{"rendered":"Bodas"},"content":{"rendered":"<p>El estilo de mis reportajes de boda es un mix de mi experiencia en fotograf\u00eda documental, fotograf\u00eda de retrato y fotograf\u00eda de moda.\u00a0Cada reportaje es una historia que contar, en el que busco reflejar la personalidad y estilo de los novios.\u00a0Busco retratar la espontaneidad de los momentos, las emociones y el amor en su expresi\u00f3n natural.<\/p>\n<p>Podr\u00e9is elegir servicios opcionales como Sesi\u00f3n Pre-Boda, Post-Boda y cualquier otra idea que quer\u00e1is proponer. Afincada entre Z\u00fcrich y Barcelona, viajo para realizar bodas y otros proyectos fotogr\u00e1ficos en destinos internacionales.<\/p>\n<p>&nbsp;<\/p>\n","protected":false},"excerpt":{"rendered":"<p>El estilo de mis reportajes de boda es un mix de mi experiencia en fotograf\u00eda documental, fotograf\u00eda de retrato y fotograf\u00eda de moda.\u00a0Cada reportaje es una historia que contar, en el que busco reflejar la personalidad y estilo de los novios.\u00a0Busco retratar la espontaneidad de los momentos, las emociones y el amor en su expresi\u00f3n [&hellip;]<\/p>\n","protected":false},"author":1,"featured_media":2625,"parent":0,"menu_order":3,"comment_status":"closed","ping_status":"closed","template":"","meta":{"footnotes":""},"class_list":["post-2012","page","type-page","status-publish","has-post-thumbnail","hentry"],"_links":{"self":[{"href":"https:\/\/tamarapinco.com\/es\/wp-json\/wp\/v2\/pages\/2012","targetHints":{"allow":["GET"]}}],"collection":[{"href":"https:\/\/tamarapinco.com\/es\/wp-json\/wp\/v2\/pages"}],"about":[{"href":"https:\/\/tamarapinco.com\/es\/wp-json\/wp\/v2\/types\/page"}],"author":[{"embeddable":true,"href":"https:\/\/tamarapinco.com\/es\/wp-json\/wp\/v2\/users\/1"}],"replies":[{"embeddable":true,"href":"https:\/\/tamarapinco.com\/es\/wp-json\/wp\/v2\/comments?post=2012"}],"version-history":[{"count":4,"href":"https:\/\/tamarapinco.com\/es\/wp-json\/wp\/v2\/pages\/2012\/revisions"}],"predecessor-version":[{"id":7225,"href":"https:\/\/tamarapinco.com\/es\/wp-json\/wp\/v2\/pages\/2012\/revisions\/7225"}],"wp:featuredmedia":[{"embeddable":true,"href":"https:\/\/tamarapinco.com\/es\/wp-json\/wp\/v2\/media\/2625"}],"wp:attachment":[{"href":"https:\/\/tamarapinco.com\/es\/wp-json\/wp\/v2\/media?parent=2012"}],"curies":[{"name":"wp","href":"https:\/\/api.w.org\/{rel}","templated":true}]}}