{"id":2010,"date":"2013-09-16T17:50:07","date_gmt":"2013-09-16T17:50:07","guid":{"rendered":"http:\/\/tamarapinco.com\/es\/events\/"},"modified":"2016-06-29T17:33:13","modified_gmt":"2016-06-29T17:33:13","slug":"events","status":"publish","type":"page","link":"https:\/\/tamarapinco.com\/es\/events\/","title":{"rendered":"Eventos"},"content":{"rendered":"<p>Tanto si es un evento de negocios o informal, lo que necesitas es poder confiar en el fot\u00f3grafo para poder disfrutar y\u00a0poner tu energ\u00eda en lo que te requerir\u00e1 a ti particularmente. Mis estudios en comunicaci\u00f3n, mi experiencia en eventos y una mirada creativa forman parte del servicio que ofrezco.<\/p>\n<p>Como organizador de un evento, te interesar\u00e1 generar m\u00e1xima visibilidad y fidelizaci\u00f3n del cliente. La calidad de la imagen que utilices para promover tu proyecto hablar\u00e1 directamente de la calidad del producto. Mi trabajo resaltar\u00e1 los puntos fuertes del evento, haciendo que el observador reviva las emociones del d\u00eda, incluso si \u00e9l o ella no estuvo all\u00ed.<\/p>\n<p>&nbsp;<\/p>\n","protected":false},"excerpt":{"rendered":"<p>Etiam vel mi mattis, vulputate nunc nec, sodales nibh. Etiam nulla magna, gravida eget ultricies sit amet, hendrerit in lorem. In at accumsan risus. Nam id volutpat ante. <\/p>\n","protected":false},"author":1,"featured_media":2622,"parent":0,"menu_order":1,"comment_status":"closed","ping_status":"closed","template":"","meta":{"footnotes":""},"class_list":["post-2010","page","type-page","status-publish","has-post-thumbnail","hentry"],"_links":{"self":[{"href":"https:\/\/tamarapinco.com\/es\/wp-json\/wp\/v2\/pages\/2010","targetHints":{"allow":["GET"]}}],"collection":[{"href":"https:\/\/tamarapinco.com\/es\/wp-json\/wp\/v2\/pages"}],"about":[{"href":"https:\/\/tamarapinco.com\/es\/wp-json\/wp\/v2\/types\/page"}],"author":[{"embeddable":true,"href":"https:\/\/tamarapinco.com\/es\/wp-json\/wp\/v2\/users\/1"}],"replies":[{"embeddable":true,"href":"https:\/\/tamarapinco.com\/es\/wp-json\/wp\/v2\/comments?post=2010"}],"version-history":[{"count":11,"href":"https:\/\/tamarapinco.com\/es\/wp-json\/wp\/v2\/pages\/2010\/revisions"}],"predecessor-version":[{"id":7219,"href":"https:\/\/tamarapinco.com\/es\/wp-json\/wp\/v2\/pages\/2010\/revisions\/7219"}],"wp:featuredmedia":[{"embeddable":true,"href":"https:\/\/tamarapinco.com\/es\/wp-json\/wp\/v2\/media\/2622"}],"wp:attachment":[{"href":"https:\/\/tamarapinco.com\/es\/wp-json\/wp\/v2\/media?parent=2010"}],"curies":[{"name":"wp","href":"https:\/\/api.w.org\/{rel}","templated":true}]}}