{"id":1983,"date":"2013-09-16T20:29:53","date_gmt":"2013-09-16T20:29:53","guid":{"rendered":"http:\/\/tamarapinco.com\/es\/about-me\/"},"modified":"2015-12-06T12:44:43","modified_gmt":"2015-12-06T12:44:43","slug":"about-me","status":"publish","type":"page","link":"https:\/\/tamarapinco.com\/es\/about-me\/","title":{"rendered":"Sobre M\u00ed"},"content":{"rendered":"<p>&nbsp;<\/p>\n<div class='thombs gridid-0' id='single-project'>  <div class='grid-sizer'><\/div>\n  <div class='gutter-sizer'><\/div><div class='small'><span class='tituloShworoom'>Backstage-LH-3myweb.jpg<\/span><a title='Backstage-LH-3myweb.jpg' href='https:\/\/tamarapinco.com\/wp-content\/uploads\/Backstage-LH-3myweb.jpg' data-gallery><img loading=\"lazy\" decoding=\"async\" width=\"320\" height=\"426\" src=\"https:\/\/tamarapinco.com\/wp-content\/uploads\/Backstage-LH-3myweb-320x426.jpg\" class=\"attachment-portfolio-thumb size-portfolio-thumb\" alt=\"\" srcset=\"https:\/\/tamarapinco.com\/wp-content\/uploads\/Backstage-LH-3myweb-320x426.jpg 320w, https:\/\/tamarapinco.com\/wp-content\/uploads\/Backstage-LH-3myweb-225x300.jpg 225w, https:\/\/tamarapinco.com\/wp-content\/uploads\/Backstage-LH-3myweb.jpg 638w\" sizes=\"auto, (max-width: 320px) 100vw, 320px\" \/><\/a><\/div><div class='small'><span class='tituloShworoom'>CL-BackSt-4myweb.jpg<\/span><a title='CL-BackSt-4myweb.jpg' href='https:\/\/tamarapinco.com\/wp-content\/uploads\/CL-BackSt-4myweb.jpg' data-gallery><img loading=\"lazy\" decoding=\"async\" width=\"320\" height=\"427\" src=\"https:\/\/tamarapinco.com\/wp-content\/uploads\/CL-BackSt-4myweb-320x427.jpg\" class=\"attachment-portfolio-thumb size-portfolio-thumb\" alt=\"\" srcset=\"https:\/\/tamarapinco.com\/wp-content\/uploads\/CL-BackSt-4myweb-320x427.jpg 320w, https:\/\/tamarapinco.com\/wp-content\/uploads\/CL-BackSt-4myweb-225x300.jpg 225w, https:\/\/tamarapinco.com\/wp-content\/uploads\/CL-BackSt-4myweb.jpg 750w\" sizes=\"auto, (max-width: 320px) 100vw, 320px\" \/><\/a><\/div><div class='small'><span class='tituloShworoom'>IMG_0653myweb.jpg<\/span><a title='IMG_0653myweb.jpg' href='https:\/\/tamarapinco.com\/wp-content\/uploads\/IMG_0653myweb.jpg' data-gallery><img loading=\"lazy\" decoding=\"async\" width=\"320\" height=\"427\" src=\"https:\/\/tamarapinco.com\/wp-content\/uploads\/IMG_0653myweb-320x427.jpg\" class=\"attachment-portfolio-thumb size-portfolio-thumb\" alt=\"\" srcset=\"https:\/\/tamarapinco.com\/wp-content\/uploads\/IMG_0653myweb-320x427.jpg 320w, https:\/\/tamarapinco.com\/wp-content\/uploads\/IMG_0653myweb-225x300.jpg 225w, https:\/\/tamarapinco.com\/wp-content\/uploads\/IMG_0653myweb.jpg 750w\" sizes=\"auto, (max-width: 320px) 100vw, 320px\" \/><\/a><\/div><div class='small'><span class='tituloShworoom'>IMG_0820myweb.jpg<\/span><a title='IMG_0820myweb.jpg' href='https:\/\/tamarapinco.com\/wp-content\/uploads\/IMG_0820myweb.jpg' data-gallery><img loading=\"lazy\" decoding=\"async\" width=\"320\" height=\"240\" src=\"https:\/\/tamarapinco.com\/wp-content\/uploads\/IMG_0820myweb-320x240.jpg\" class=\"attachment-portfolio-thumb size-portfolio-thumb\" alt=\"\" srcset=\"https:\/\/tamarapinco.com\/wp-content\/uploads\/IMG_0820myweb-320x240.jpg 320w, https:\/\/tamarapinco.com\/wp-content\/uploads\/IMG_0820myweb-300x225.jpg 300w, https:\/\/tamarapinco.com\/wp-content\/uploads\/IMG_0820myweb.jpg 1000w\" sizes=\"auto, (max-width: 320px) 100vw, 320px\" \/><\/a><\/div><div class='small'><span class='tituloShworoom'>IMG_0838myweb.jpg<\/span><a title='IMG_0838myweb.jpg' href='https:\/\/tamarapinco.com\/wp-content\/uploads\/IMG_0838myweb.jpg' data-gallery><img loading=\"lazy\" decoding=\"async\" width=\"320\" height=\"240\" src=\"https:\/\/tamarapinco.com\/wp-content\/uploads\/IMG_0838myweb-320x240.jpg\" class=\"attachment-portfolio-thumb size-portfolio-thumb\" alt=\"\" srcset=\"https:\/\/tamarapinco.com\/wp-content\/uploads\/IMG_0838myweb-320x240.jpg 320w, https:\/\/tamarapinco.com\/wp-content\/uploads\/IMG_0838myweb-300x225.jpg 300w, https:\/\/tamarapinco.com\/wp-content\/uploads\/IMG_0838myweb.jpg 1000w\" sizes=\"auto, (max-width: 320px) 100vw, 320px\" \/><\/a><\/div><div class='small'><span class='tituloShworoom'>IMG_7764myweb.jpg<\/span><a title='IMG_7764myweb.jpg' href='https:\/\/tamarapinco.com\/wp-content\/uploads\/IMG_7764myweb.jpg' data-gallery><img loading=\"lazy\" decoding=\"async\" width=\"320\" height=\"427\" src=\"https:\/\/tamarapinco.com\/wp-content\/uploads\/IMG_7764myweb-320x427.jpg\" class=\"attachment-portfolio-thumb size-portfolio-thumb\" alt=\"\" srcset=\"https:\/\/tamarapinco.com\/wp-content\/uploads\/IMG_7764myweb-320x427.jpg 320w, https:\/\/tamarapinco.com\/wp-content\/uploads\/IMG_7764myweb-225x300.jpg 225w, https:\/\/tamarapinco.com\/wp-content\/uploads\/IMG_7764myweb.jpg 750w\" sizes=\"auto, (max-width: 320px) 100vw, 320px\" \/><\/a><\/div><div class='small'><span class='tituloShworoom'>Bckst-Kimmywb.jpg<\/span><a title='Bckst-Kimmywb.jpg' href='https:\/\/tamarapinco.com\/wp-content\/uploads\/Bckst-Kimmywb.jpg' data-gallery><img loading=\"lazy\" decoding=\"async\" width=\"320\" height=\"427\" src=\"https:\/\/tamarapinco.com\/wp-content\/uploads\/Bckst-Kimmywb-320x427.jpg\" class=\"attachment-portfolio-thumb size-portfolio-thumb\" alt=\"\" srcset=\"https:\/\/tamarapinco.com\/wp-content\/uploads\/Bckst-Kimmywb-320x427.jpg 320w, https:\/\/tamarapinco.com\/wp-content\/uploads\/Bckst-Kimmywb-225x300.jpg 225w, https:\/\/tamarapinco.com\/wp-content\/uploads\/Bckst-Kimmywb.jpg 600w\" sizes=\"auto, (max-width: 320px) 100vw, 320px\" \/><\/a><\/div><div class='small'><span class='tituloShworoom'>BackStLH2myweb.jpg<\/span><a title='BackStLH2myweb.jpg' href='https:\/\/tamarapinco.com\/wp-content\/uploads\/BackStLH2myweb.jpg' data-gallery><img loading=\"lazy\" decoding=\"async\" width=\"320\" height=\"240\" src=\"https:\/\/tamarapinco.com\/wp-content\/uploads\/BackStLH2myweb-320x240.jpg\" class=\"attachment-portfolio-thumb size-portfolio-thumb\" alt=\"\" srcset=\"https:\/\/tamarapinco.com\/wp-content\/uploads\/BackStLH2myweb-320x240.jpg 320w, https:\/\/tamarapinco.com\/wp-content\/uploads\/BackStLH2myweb-300x225.jpg 300w, https:\/\/tamarapinco.com\/wp-content\/uploads\/BackStLH2myweb.jpg 1000w\" sizes=\"auto, (max-width: 320px) 100vw, 320px\" \/><\/a><\/div><div class='small'><span class='tituloShworoom'>IMG_5437myweb.jpg<\/span><a title='IMG_5437myweb.jpg' href='https:\/\/tamarapinco.com\/wp-content\/uploads\/IMG_5437myweb.jpg' data-gallery><img loading=\"lazy\" decoding=\"async\" width=\"320\" height=\"239\" src=\"https:\/\/tamarapinco.com\/wp-content\/uploads\/IMG_5437myweb-320x239.jpg\" class=\"attachment-portfolio-thumb size-portfolio-thumb\" alt=\"\" srcset=\"https:\/\/tamarapinco.com\/wp-content\/uploads\/IMG_5437myweb-320x239.jpg 320w, https:\/\/tamarapinco.com\/wp-content\/uploads\/IMG_5437myweb-300x224.jpg 300w, https:\/\/tamarapinco.com\/wp-content\/uploads\/IMG_5437myweb.jpg 1000w\" sizes=\"auto, (max-width: 320px) 100vw, 320px\" \/><\/a><\/div><div class='small'><span class='tituloShworoom'>IMG_0738myweb1.jpg<\/span><a title='IMG_0738myweb1.jpg' href='https:\/\/tamarapinco.com\/wp-content\/uploads\/IMG_0738myweb1.jpg' data-gallery><img loading=\"lazy\" decoding=\"async\" width=\"320\" height=\"240\" src=\"https:\/\/tamarapinco.com\/wp-content\/uploads\/IMG_0738myweb1-320x240.jpg\" class=\"attachment-portfolio-thumb size-portfolio-thumb\" alt=\"\" srcset=\"https:\/\/tamarapinco.com\/wp-content\/uploads\/IMG_0738myweb1-320x240.jpg 320w, https:\/\/tamarapinco.com\/wp-content\/uploads\/IMG_0738myweb1-300x225.jpg 300w, https:\/\/tamarapinco.com\/wp-content\/uploads\/IMG_0738myweb1.jpg 1000w\" sizes=\"auto, (max-width: 320px) 100vw, 320px\" \/><\/a><\/div><\/div>\n<h2><\/h2>\n<h2>De d\u00f3nde vengo y c\u00f3mo se refleja en mis fotos<\/h2>\n<p>Con 16 a\u00f1os empec\u00e9 a estudiar fotograf\u00eda, a meterme en el laboratorio, a revelar carretes, a pasar horas y horas dentro del cuarto oscuro, con la luz roja y el olor a qu\u00edmicos.\u00a0Vengo de aquella fotograf\u00eda, la anal\u00f3gica\u2026 en la que cada imagen se busca con atenci\u00f3n, estando 100% presente con todos los sentidos\u2026 s\u00f3lo 36 fotogramas en un carrete te hacen valorar m\u00e1s cada disparo y desarrollar la intuici\u00f3n.<br \/>\nRevelaba una a una mis fotos en el laboratorio, haciendo varias copias hasta obtener lo que buscaba. Siempre he sido perseverante y a\u00fan conservo esa b\u00fasqueda incansable hasta que obtengo el mejor resultado.<br \/>\nCuento historias con im\u00e1genes. Disfruto las situaciones que pasan delante de mi c\u00e1mara, me involucro y las reflejo de modo que no s\u00f3lo los momentos sino las emociones perduren en el tiempo.<br \/>\nEl trabajo cuidadoso de la iluminaci\u00f3n, tanto en la toma como en el retoque, es un aspecto caracter\u00edstico de mis im\u00e1genes. Me interesa la calidad t\u00e9cnica tanto como la expresividad en una imagen. Conozco muy bien las bases de la fotograf\u00eda y eso me permite abarcar proyectos bien diversos, desde situaciones l\u00edmites con baja iluminaci\u00f3n y sujetos en movimiento a fotograf\u00eda de producto con iluminaci\u00f3n de estudio.<br \/>\nEn cada proyecto que emprendo, pongo en juego mi experiencia, mi intuici\u00f3n, mi b\u00fasqueda detallista y mi emoci\u00f3n y el conjunto hace mi mirada particular.<\/p>\n<h2>Mi manera de trabajar<\/h2>\n<p><strong>Una de las preguntas frecuentes que me hace la gente cuando me ve trabajando es \u201cTamara, t\u00fa nunca paras?\u201d\u2026<br \/>\n<\/strong><span style=\"line-height: 1.5;\">Cada trabajo es una historia llena de detalles, personajes, situaciones particulares.<br \/>\n<\/span>Ya sea un evento empresarial, un reportaje de familia, de boda o un cat\u00e1logo de producto, siempre busco qu\u00e9 es lo que tengo que contar sobre lo que tengo delante de mi c\u00e1mara. Siempre ser\u00e1 una combinaci\u00f3n de RELATO + SENSACIONES.<br \/>\nEsa es la l\u00ednea que me guiar\u00e1 a lo largo del trabajo, desde el primer encuentro con el cliente hasta la selecci\u00f3n final y retoque de las fotograf\u00edas.<br \/>\n<strong>PRE:<\/strong> Conocer los detalles del proyecto, qui\u00e9nes participan, qu\u00e9 los caracteriza, qu\u00e9 buscan, qu\u00e9 necesitan, qu\u00e9 idea previa traen consigo. Ah\u00ed empieza mi trabajo. Esta parte del proceso tiene tanta importancia como las posteriores.<br \/>\n<strong>LA TOMA:<\/strong> La parte del trabajo en la que m\u00e1s me dejo llevar, intuir, jugar, libre de prejuicios y de moldes. Adoro el momento en que la c\u00e1mara se hace invisible, en que yo me hago invisible, y la situaci\u00f3n sigue espont\u00e1neamente.\u00a0Trabajo para que todo el que est\u00e1 delante de mi c\u00e1mara logre llegar a ese punto de libertad y naturalidad y lo disfrute conmigo.<br \/>\n<strong>POST:<\/strong> El momento de soledad y re-conexi\u00f3n con todo aquello que fluy\u00f3. Vuelvo a recordar cual es mi objetivo, mi relato y busco expresarlo con la selecci\u00f3n final de fotos y el estilo de retoque.<\/p>\n<p>&nbsp;<\/p>\n<p><iframe loading=\"lazy\" title=\"Herr\u00e4ng Dance Camp - Teachers 2013 by Photo Tamara Pinco\" width=\"500\" height=\"281\" src=\"https:\/\/www.youtube.com\/embed\/sQdxE7grRrs?feature=oembed\" frameborder=\"0\" allow=\"accelerometer; autoplay; clipboard-write; encrypted-media; gyroscope; picture-in-picture; web-share\" referrerpolicy=\"strict-origin-when-cross-origin\" allowfullscreen><\/iframe><\/p>\n<p>&nbsp;<\/p>\n","protected":false},"excerpt":{"rendered":"<p>&nbsp; De d\u00f3nde vengo y c\u00f3mo se refleja en mis fotos Con 16 a\u00f1os empec\u00e9 a estudiar fotograf\u00eda, a meterme en el laboratorio, a revelar carretes, a pasar horas y horas dentro del cuarto oscuro, con la luz roja y el olor a qu\u00edmicos.\u00a0Vengo de aquella fotograf\u00eda, la anal\u00f3gica\u2026 en la que cada imagen se [&hellip;]<\/p>\n","protected":false},"author":1,"featured_media":0,"parent":0,"menu_order":0,"comment_status":"closed","ping_status":"closed","template":"page-about.php","meta":{"footnotes":""},"class_list":["post-1983","page","type-page","status-publish","hentry"],"_links":{"self":[{"href":"https:\/\/tamarapinco.com\/es\/wp-json\/wp\/v2\/pages\/1983","targetHints":{"allow":["GET"]}}],"collection":[{"href":"https:\/\/tamarapinco.com\/es\/wp-json\/wp\/v2\/pages"}],"about":[{"href":"https:\/\/tamarapinco.com\/es\/wp-json\/wp\/v2\/types\/page"}],"author":[{"embeddable":true,"href":"https:\/\/tamarapinco.com\/es\/wp-json\/wp\/v2\/users\/1"}],"replies":[{"embeddable":true,"href":"https:\/\/tamarapinco.com\/es\/wp-json\/wp\/v2\/comments?post=1983"}],"version-history":[{"count":9,"href":"https:\/\/tamarapinco.com\/es\/wp-json\/wp\/v2\/pages\/1983\/revisions"}],"predecessor-version":[{"id":4708,"href":"https:\/\/tamarapinco.com\/es\/wp-json\/wp\/v2\/pages\/1983\/revisions\/4708"}],"wp:attachment":[{"href":"https:\/\/tamarapinco.com\/es\/wp-json\/wp\/v2\/media?parent=1983"}],"curies":[{"name":"wp","href":"https:\/\/api.w.org\/{rel}","templated":true}]}}